{"id":666,"date":"2018-07-25T09:43:43","date_gmt":"2018-07-25T09:43:43","guid":{"rendered":"http:\/\/www.mentodobozforg.hu\/?post_type=product&#038;p=666"},"modified":"2018-07-25T09:54:29","modified_gmt":"2018-07-25T09:54:29","slug":"iii-as-iv-es-tipusu-elsosegely-felszereles","status":"publish","type":"product","link":"http:\/\/www.mentodobozforg.hu\/en\/termek\/iii-as-iv-es-tipusu-elsosegely-felszereles\/","title":{"rendered":"III.-as \/ IV.-es t\u00edpus\u00fa els\u0151seg\u00e9ly felszerel\u00e9s"},"content":{"rendered":"<div id=\"dslc-theme-content\"><div id=\"dslc-theme-content-inner\"><p><img loading=\"lazy\" class=\"alignleft size-full wp-image-659\" src=\"http:\/\/www.mentodobozforg.hu\/wp-content\/uploads\/2018\/06\/3as4es1.jpg\" alt=\"\" width=\"600\" height=\"600\" srcset=\"http:\/\/www.mentodobozforg.hu\/wp-content\/uploads\/2018\/06\/3as4es1.jpg 600w, http:\/\/www.mentodobozforg.hu\/wp-content\/uploads\/2018\/06\/3as4es1-150x150.jpg 150w, http:\/\/www.mentodobozforg.hu\/wp-content\/uploads\/2018\/06\/3as4es1-300x300.jpg 300w, http:\/\/www.mentodobozforg.hu\/wp-content\/uploads\/2018\/06\/3as4es1-570x570.jpg 570w, http:\/\/www.mentodobozforg.hu\/wp-content\/uploads\/2018\/06\/3as4es1-380x380.jpg 380w, http:\/\/www.mentodobozforg.hu\/wp-content\/uploads\/2018\/06\/3as4es1-285x285.jpg 285w, http:\/\/www.mentodobozforg.hu\/wp-content\/uploads\/2018\/06\/3as4es1-100x100.jpg 100w\" sizes=\"(max-width: 600px) 100vw, 600px\" \/><\/p>\n<\/div><\/div>","protected":false},"excerpt":{"rendered":"<div id=\"main\">\n<div id=\"main-core\">\n<div id=\"product-616\" class=\"post-616 product type-product status-publish has-post-thumbnail product_cat-termekeink column-4 first instock shipping-taxable product-type-simple\">\n<div class=\"three_fifth last\">\n<div class=\"summary entry-summary\">\n<div class=\"entry-content\">\n<div class=\"woocommerce-product-details__short-description\">\n<p>Az IV. ment\u0151l\u00e1da alkalmazhat\u00f3 az al\u00e1bbi \u00fczemekben:<\/p>\n<ul>\n<li>Munkahelyen ahol a foglalkoztatott szem\u00e9lyek sz\u00e1ma nem haladja meg a 200\u00a0f\u0151t.<\/li>\n<\/ul>\n<p>&nbsp;<\/p>\n<p>IV t\u00edpus\u00fa els\u0151seg\u00e9ly felszerel\u00e9s tartalma:<\/p>\n<p><img loading=\"lazy\" class=\"alignleft size-full wp-image-642\" src=\"http:\/\/www.mentodobozforg.hu\/wp-content\/uploads\/2018\/06\/4es-tartalom.png\" alt=\"\" width=\"758\" height=\"517\" srcset=\"http:\/\/www.mentodobozforg.hu\/wp-content\/uploads\/2018\/06\/4es-tartalom.png 758w, http:\/\/www.mentodobozforg.hu\/wp-content\/uploads\/2018\/06\/4es-tartalom-300x205.png 300w, http:\/\/www.mentodobozforg.hu\/wp-content\/uploads\/2018\/06\/4es-tartalom-600x409.png 600w\" sizes=\"(max-width: 758px) 100vw, 758px\" \/><\/p>\n<p><span data-ccp-props=\"{\">\u00a0<\/span><\/p>\n<p>&nbsp;<\/p>\n<\/div>\n<\/div>\n<div class=\"entry-footer\">\n<div class=\"product_meta\"><\/div>\n<\/div>\n<\/div>\n<\/div>\n<\/div>\n<\/div>\n<\/div>\n","protected":false},"featured_media":659,"template":"","meta":[],"_links":{"self":[{"href":"http:\/\/www.mentodobozforg.hu\/en\/wp-json\/wp\/v2\/product\/666"}],"collection":[{"href":"http:\/\/www.mentodobozforg.hu\/en\/wp-json\/wp\/v2\/product"}],"about":[{"href":"http:\/\/www.mentodobozforg.hu\/en\/wp-json\/wp\/v2\/types\/product"}],"wp:featuredmedia":[{"embeddable":true,"href":"http:\/\/www.mentodobozforg.hu\/en\/wp-json\/wp\/v2\/media\/659"}],"wp:attachment":[{"href":"http:\/\/www.mentodobozforg.hu\/en\/wp-json\/wp\/v2\/media?parent=666"}],"curies":[{"name":"wp","href":"https:\/\/api.w.org\/{rel}","templated":true}]}}