{"id":664,"date":"2018-07-25T09:41:22","date_gmt":"2018-07-25T09:41:22","guid":{"rendered":"http:\/\/www.mentodobozforg.hu\/?post_type=product&#038;p=664"},"modified":"2021-08-30T15:38:35","modified_gmt":"2021-08-30T15:38:35","slug":"i-es-ii-es-tipusu-elsosegely-felszereles-dobozos","status":"publish","type":"product","link":"http:\/\/www.mentodobozforg.hu\/en\/termek\/i-es-ii-es-tipusu-elsosegely-felszereles-dobozos\/","title":{"rendered":"I.-es \/ II. es tipus\u00fa els\u0151seg\u00e9ly felszerel\u00e9s \/fali(dobozos)"},"content":{"rendered":"<div id=\"dslc-theme-content\"><div id=\"dslc-theme-content-inner\"><p><img loading=\"lazy\" class=\"alignleft size-full wp-image-665\" src=\"http:\/\/www.mentodobozforg.hu\/wp-content\/uploads\/2018\/07\/DSC_0116.jpg\" alt=\"\" width=\"1423\" height=\"949\" srcset=\"http:\/\/www.mentodobozforg.hu\/wp-content\/uploads\/2018\/07\/DSC_0116.jpg 1423w, http:\/\/www.mentodobozforg.hu\/wp-content\/uploads\/2018\/07\/DSC_0116-300x200.jpg 300w, http:\/\/www.mentodobozforg.hu\/wp-content\/uploads\/2018\/07\/DSC_0116-768x512.jpg 768w, http:\/\/www.mentodobozforg.hu\/wp-content\/uploads\/2018\/07\/DSC_0116-1024x683.jpg 1024w, http:\/\/www.mentodobozforg.hu\/wp-content\/uploads\/2018\/07\/DSC_0116-1140x760.jpg 1140w, http:\/\/www.mentodobozforg.hu\/wp-content\/uploads\/2018\/07\/DSC_0116-570x380.jpg 570w, http:\/\/www.mentodobozforg.hu\/wp-content\/uploads\/2018\/07\/DSC_0116-380x254.jpg 380w, http:\/\/www.mentodobozforg.hu\/wp-content\/uploads\/2018\/07\/DSC_0116-285x190.jpg 285w, http:\/\/www.mentodobozforg.hu\/wp-content\/uploads\/2018\/07\/DSC_0116-600x400.jpg 600w\" sizes=\"(max-width: 1423px) 100vw, 1423px\" \/><\/p>\n<\/div><\/div>","protected":false},"excerpt":{"rendered":"<p>Az II. ment\u0151l\u00e1da alkalmazhat\u00f3 az al\u00e1bbi \u00fczemekben:<\/p>\n<ul>\n<li>Munkahelyen ahol a foglalkoztatott szem\u00e9lyek sz\u00e1ma nem haladja meg a 50\u00a0f\u0151t.<\/li>\n<\/ul>\n<p><img loading=\"lazy\" class=\"alignleft size-full wp-image-644\" src=\"http:\/\/www.mentodobozforg.hu\/wp-content\/uploads\/2018\/06\/2es-tartalom.png\" alt=\"\" width=\"759\" height=\"525\" srcset=\"http:\/\/www.mentodobozforg.hu\/wp-content\/uploads\/2018\/06\/2es-tartalom.png 759w, http:\/\/www.mentodobozforg.hu\/wp-content\/uploads\/2018\/06\/2es-tartalom-300x208.png 300w, http:\/\/www.mentodobozforg.hu\/wp-content\/uploads\/2018\/06\/2es-tartalom-600x415.png 600w\" sizes=\"(max-width: 759px) 100vw, 759px\" \/><\/p>\n","protected":false},"featured_media":708,"template":"","meta":[],"_links":{"self":[{"href":"http:\/\/www.mentodobozforg.hu\/en\/wp-json\/wp\/v2\/product\/664"}],"collection":[{"href":"http:\/\/www.mentodobozforg.hu\/en\/wp-json\/wp\/v2\/product"}],"about":[{"href":"http:\/\/www.mentodobozforg.hu\/en\/wp-json\/wp\/v2\/types\/product"}],"wp:featuredmedia":[{"embeddable":true,"href":"http:\/\/www.mentodobozforg.hu\/en\/wp-json\/wp\/v2\/media\/708"}],"wp:attachment":[{"href":"http:\/\/www.mentodobozforg.hu\/en\/wp-json\/wp\/v2\/media?parent=664"}],"curies":[{"name":"wp","href":"https:\/\/api.w.org\/{rel}","templated":true}]}}