{"id":616,"date":"2018-06-03T14:55:31","date_gmt":"2018-06-03T14:55:31","guid":{"rendered":"http:\/\/www.mentodobozforg.hu\/?post_type=product&#038;p=616"},"modified":"2018-06-25T10:38:31","modified_gmt":"2018-06-25T10:38:31","slug":"iv-es-tipusu-mentodoboz","status":"publish","type":"product","link":"http:\/\/www.mentodobozforg.hu\/en\/termek\/iv-es-tipusu-mentodoboz\/","title":{"rendered":"IV. t\u00edpus\u00fa els\u0151seg\u00e9ly felszerel\u00e9s                     (alu doboz)"},"content":{"rendered":"<div id=\"dslc-theme-content\"><div id=\"dslc-theme-content-inner\"><\/div><\/div>","protected":false},"excerpt":{"rendered":"<p>Az IV. ment\u0151l\u00e1da alkalmazhat\u00f3 az al\u00e1bbi \u00fczemekben:<\/p>\n<ul>\n<li>Munkahelyen ahol a foglalkoztatott szem\u00e9lyek sz\u00e1ma nem haladja meg a 200\u00a0f\u0151t.<\/li>\n<\/ul>\n<p>&nbsp;<\/p>\n<p>IV t\u00edpus\u00fa els\u0151seg\u00e9ly felszerel\u00e9s tartalma:<\/p>\n<p><img loading=\"lazy\" class=\"alignleft size-full wp-image-642\" src=\"http:\/\/www.mentodobozforg.hu\/wp-content\/uploads\/2018\/06\/4es-tartalom.png\" alt=\"\" width=\"758\" height=\"517\" srcset=\"http:\/\/www.mentodobozforg.hu\/wp-content\/uploads\/2018\/06\/4es-tartalom.png 758w, http:\/\/www.mentodobozforg.hu\/wp-content\/uploads\/2018\/06\/4es-tartalom-300x205.png 300w, http:\/\/www.mentodobozforg.hu\/wp-content\/uploads\/2018\/06\/4es-tartalom-600x409.png 600w\" sizes=\"(max-width: 758px) 100vw, 758px\" \/><\/p>\n<p><span data-ccp-props=\"{\">\u00a0<\/span><\/p>\n<p>&nbsp;<\/p>\n","protected":false},"featured_media":658,"template":"","meta":[],"_links":{"self":[{"href":"http:\/\/www.mentodobozforg.hu\/en\/wp-json\/wp\/v2\/product\/616"}],"collection":[{"href":"http:\/\/www.mentodobozforg.hu\/en\/wp-json\/wp\/v2\/product"}],"about":[{"href":"http:\/\/www.mentodobozforg.hu\/en\/wp-json\/wp\/v2\/types\/product"}],"wp:featuredmedia":[{"embeddable":true,"href":"http:\/\/www.mentodobozforg.hu\/en\/wp-json\/wp\/v2\/media\/658"}],"wp:attachment":[{"href":"http:\/\/www.mentodobozforg.hu\/en\/wp-json\/wp\/v2\/media?parent=616"}],"curies":[{"name":"wp","href":"https:\/\/api.w.org\/{rel}","templated":true}]}}