{"id":607,"date":"2018-06-03T14:19:03","date_gmt":"2018-06-03T14:19:03","guid":{"rendered":"http:\/\/www.mentodobozforg.hu\/?post_type=product&#038;p=607"},"modified":"2018-06-18T08:35:15","modified_gmt":"2018-06-18T08:35:15","slug":"b-tipusu-mentodoboz-muanyagdobozos","status":"publish","type":"product","link":"http:\/\/www.mentodobozforg.hu\/en\/termek\/b-tipusu-mentodoboz-muanyagdobozos\/","title":{"rendered":"B t\u00edpus\u00fa els\u0151seg\u00e9ly felszerel\u00e9s"},"content":{"rendered":"<div id=\"dslc-theme-content\"><div id=\"dslc-theme-content-inner\"><p><img loading=\"lazy\" class=\"alignleft size-full wp-image-519\" src=\"http:\/\/www.mentodobozforg.hu\/wp-content\/uploads\/2018\/05\/btipnyitva1-1.jpg\" alt=\"\" width=\"482\" height=\"482\" srcset=\"http:\/\/www.mentodobozforg.hu\/wp-content\/uploads\/2018\/05\/btipnyitva1-1.jpg 482w, http:\/\/www.mentodobozforg.hu\/wp-content\/uploads\/2018\/05\/btipnyitva1-1-150x150.jpg 150w, http:\/\/www.mentodobozforg.hu\/wp-content\/uploads\/2018\/05\/btipnyitva1-1-300x300.jpg 300w, http:\/\/www.mentodobozforg.hu\/wp-content\/uploads\/2018\/05\/btipnyitva1-1-380x380.jpg 380w, http:\/\/www.mentodobozforg.hu\/wp-content\/uploads\/2018\/05\/btipnyitva1-1-285x285.jpg 285w, http:\/\/www.mentodobozforg.hu\/wp-content\/uploads\/2018\/05\/btipnyitva1-1-100x100.jpg 100w\" sizes=\"(max-width: 482px) 100vw, 482px\" \/> <img loading=\"lazy\" class=\"alignleft size-full wp-image-520\" src=\"http:\/\/www.mentodobozforg.hu\/wp-content\/uploads\/2018\/05\/btipnyitva2-1.jpg\" alt=\"\" width=\"482\" height=\"482\" srcset=\"http:\/\/www.mentodobozforg.hu\/wp-content\/uploads\/2018\/05\/btipnyitva2-1.jpg 482w, http:\/\/www.mentodobozforg.hu\/wp-content\/uploads\/2018\/05\/btipnyitva2-1-150x150.jpg 150w, http:\/\/www.mentodobozforg.hu\/wp-content\/uploads\/2018\/05\/btipnyitva2-1-300x300.jpg 300w, http:\/\/www.mentodobozforg.hu\/wp-content\/uploads\/2018\/05\/btipnyitva2-1-380x380.jpg 380w, http:\/\/www.mentodobozforg.hu\/wp-content\/uploads\/2018\/05\/btipnyitva2-1-285x285.jpg 285w, http:\/\/www.mentodobozforg.hu\/wp-content\/uploads\/2018\/05\/btipnyitva2-1-100x100.jpg 100w\" sizes=\"(max-width: 482px) 100vw, 482px\" \/><\/p>\n<\/div><\/div>","protected":false},"excerpt":{"rendered":"<p>Az B ment\u0151l\u00e1da alkalmazhat\u00f3 az al\u00e1bbi j\u00e1rm\u0171vekben:<\/p>\n<ul>\n<li>Szem\u00e9lyg\u00e9pkocsi<\/li>\n<li>Teherg\u00e9pkocsi<\/li>\n<li>oldalkocsis motorker\u00e9kp\u00e1r<\/li>\n<li>mez\u0151gazdas\u00e1gi vontat\u00f3 \u00e9s lass\u00fa j\u00e1rm\u0171<\/li>\n<li>kiz\u00e1r\u00f3lag menetrendszer\u0171 helyi j\u00e1ratban k\u00f6zleked\u0151 aut\u00f3busz.<\/li>\n<\/ul>\n<p>&nbsp;<\/p>\n<p>&nbsp;<\/p>\n<p>B t\u00edpus\u00fa els\u0151seg\u00e9ly felszerel\u00e9s tartalma:<\/p>\n<p><img loading=\"lazy\" class=\"alignleft size-full wp-image-651\" src=\"http:\/\/www.mentodobozforg.hu\/wp-content\/uploads\/2018\/06\/b-1.jpg\" alt=\"\" width=\"681\" height=\"496\" srcset=\"http:\/\/www.mentodobozforg.hu\/wp-content\/uploads\/2018\/06\/b-1.jpg 681w, http:\/\/www.mentodobozforg.hu\/wp-content\/uploads\/2018\/06\/b-1-300x219.jpg 300w, http:\/\/www.mentodobozforg.hu\/wp-content\/uploads\/2018\/06\/b-1-600x437.jpg 600w\" sizes=\"(max-width: 681px) 100vw, 681px\" \/><\/p>\n","protected":false},"featured_media":518,"template":"","meta":[],"_links":{"self":[{"href":"http:\/\/www.mentodobozforg.hu\/en\/wp-json\/wp\/v2\/product\/607"}],"collection":[{"href":"http:\/\/www.mentodobozforg.hu\/en\/wp-json\/wp\/v2\/product"}],"about":[{"href":"http:\/\/www.mentodobozforg.hu\/en\/wp-json\/wp\/v2\/types\/product"}],"wp:featuredmedia":[{"embeddable":true,"href":"http:\/\/www.mentodobozforg.hu\/en\/wp-json\/wp\/v2\/media\/518"}],"wp:attachment":[{"href":"http:\/\/www.mentodobozforg.hu\/en\/wp-json\/wp\/v2\/media?parent=607"}],"curies":[{"name":"wp","href":"https:\/\/api.w.org\/{rel}","templated":true}]}}