{"id":606,"date":"2018-06-03T14:15:00","date_gmt":"2018-06-03T14:15:00","guid":{"rendered":"http:\/\/www.mentodobozforg.hu\/?post_type=product&#038;p=606"},"modified":"2018-06-25T10:44:05","modified_gmt":"2018-06-25T10:44:05","slug":"a-tipusu-mentodoboz-textiltasakos","status":"publish","type":"product","link":"http:\/\/www.mentodobozforg.hu\/en\/termek\/a-tipusu-mentodoboz-textiltasakos\/","title":{"rendered":"A t\u00edpus\u00fa els\u0151seg\u00e9ly felszerel\u00e9s (gy\u00f6ngyv\u00e1szon t\u00e1ska)"},"content":{"rendered":"<div id=\"dslc-theme-content\"><div id=\"dslc-theme-content-inner\"><\/div><\/div>","protected":false},"excerpt":{"rendered":"<p>Az A ment\u0151l\u00e1da alkalmazhat\u00f3 az al\u00e1bbi j\u00e1rm\u0171vekben:<\/p>\n<ul>\n<li>Ker\u00e9kp\u00e1r<\/li>\n<li>Seg\u00e9dmotorker\u00e9kp\u00e1r (kismotor)<\/li>\n<li>Motorker\u00e9kp\u00e1r (nagymotor) kiv\u00e9ve az oldalkocsis motorker\u00e9kp\u00e1rokat, amihez \u201cB\u201d t\u00edpus\u00fa ment\u0151l\u00e1da sz\u00fcks\u00e9ges.<\/li>\n<\/ul>\n<p>&nbsp;<\/p>\n<p>A t\u00edpus\u00fa els\u0151seg\u00e9ly felszerel\u00e9s tartalma:<\/p>\n<p><img loading=\"lazy\" class=\"alignleft size-full wp-image-652\" src=\"http:\/\/www.mentodobozforg.hu\/wp-content\/uploads\/2018\/06\/a.jpg\" alt=\"\" width=\"684\" height=\"387\" srcset=\"http:\/\/www.mentodobozforg.hu\/wp-content\/uploads\/2018\/06\/a.jpg 684w, http:\/\/www.mentodobozforg.hu\/wp-content\/uploads\/2018\/06\/a-300x170.jpg 300w, http:\/\/www.mentodobozforg.hu\/wp-content\/uploads\/2018\/06\/a-600x339.jpg 600w\" sizes=\"(max-width: 684px) 100vw, 684px\" \/><\/p>\n","protected":false},"featured_media":662,"template":"","meta":[],"_links":{"self":[{"href":"http:\/\/www.mentodobozforg.hu\/en\/wp-json\/wp\/v2\/product\/606"}],"collection":[{"href":"http:\/\/www.mentodobozforg.hu\/en\/wp-json\/wp\/v2\/product"}],"about":[{"href":"http:\/\/www.mentodobozforg.hu\/en\/wp-json\/wp\/v2\/types\/product"}],"wp:featuredmedia":[{"embeddable":true,"href":"http:\/\/www.mentodobozforg.hu\/en\/wp-json\/wp\/v2\/media\/662"}],"wp:attachment":[{"href":"http:\/\/www.mentodobozforg.hu\/en\/wp-json\/wp\/v2\/media?parent=606"}],"curies":[{"name":"wp","href":"https:\/\/api.w.org\/{rel}","templated":true}]}}