{"id":736,"date":"2021-08-22T20:10:24","date_gmt":"2021-08-22T20:10:24","guid":{"rendered":"http:\/\/www.mentodobozforg.hu\/?page_id=736"},"modified":"2021-08-30T20:45:20","modified_gmt":"2021-08-30T20:45:20","slug":"elsosegelynyujtas-2","status":"publish","type":"page","link":"http:\/\/www.mentodobozforg.hu\/en\/elsosegelynyujtas-2\/","title":{"rendered":"Haszn\u00e1lati utas\u00edt\u00e1s"},"content":{"rendered":"<div id=\"dslc-theme-content\"><div id=\"dslc-theme-content-inner\">\n<p><\/p>\n\n\n\n<h2>1.  Els\u0151seg\u00e9lyny\u00fajt\u00e1s <\/h2>\n\n\n\n<div class=\"wp-block-file\"><object class=\"wp-block-file__embed\" data=\"http:\/\/www.mentodobozforg.hu\/wp-content\/uploads\/2021\/08\/Elsosegelynyujtas.pdf\" type=\"application\/pdf\" style=\"width:100%;height:1022px\" aria-label=\"Embed of Els\u0151seg\u00e9lyny\u00fajt\u00e1s.\"><\/object><a href=\"http:\/\/www.mentodobozforg.hu\/wp-content\/uploads\/2021\/08\/Elsosegelynyujtas.pdf\" target=\"_blank\" rel=\"noreferrer noopener\">Els\u0151seg\u00e9lyny\u00fajt\u00e1s<\/a><a href=\"http:\/\/www.mentodobozforg.hu\/wp-content\/uploads\/2021\/08\/Elsosegelynyujtas.pdf\" class=\"wp-block-file__button\" download>Download<\/a><\/div>\n\n\n\n<h2>2.  Betadine oldat b\u0151rfert\u0151tlen\u00edt\u0151 szer-Haszn\u00e1lati utas\u00edt\u00e1s<\/h2>\n\n\n\n<div class=\"wp-block-columns\">\n<div class=\"wp-block-column\">\n<div class=\"wp-block-image\"><figure class=\"alignleft size-full is-resized\"><img loading=\"lazy\" src=\"http:\/\/www.mentodobozforg.hu\/wp-content\/uploads\/2021\/08\/betadine.jpg\" alt=\"Betadine-Equipped for type A\/B\/C\" class=\"wp-image-801\" width=\"239\" height=\"266\" srcset=\"http:\/\/www.mentodobozforg.hu\/wp-content\/uploads\/2021\/08\/betadine.jpg 422w, http:\/\/www.mentodobozforg.hu\/wp-content\/uploads\/2021\/08\/betadine-269x300.jpg 269w\" sizes=\"(max-width: 239px) 100vw, 239px\" \/><figcaption><em>Betadine &#8211; Eqquipped for  type-A\/B\/C<\/em><\/figcaption><\/figure><\/div>\n<\/div>\n<\/div>\n\n\n\n<div class=\"wp-block-file\"><object class=\"wp-block-file__embed\" data=\"http:\/\/www.mentodobozforg.hu\/wp-content\/uploads\/2021\/08\/betadine-oldat_-hasznalati-utasitas_rovid-.pdf\" type=\"application\/pdf\" style=\"width:100%;height:700px\" aria-label=\"Embed of betadine-oldat_-haszn\u00e1lati-utas\u00edt\u00e1s_r\u00f6vid.\"><\/object><a href=\"http:\/\/www.mentodobozforg.hu\/wp-content\/uploads\/2021\/08\/betadine-oldat_-hasznalati-utasitas_rovid-.pdf\">betadine-oldat_-haszn\u00e1lati-utas\u00edt\u00e1s_r\u00f6vid<\/a><a href=\"http:\/\/www.mentodobozforg.hu\/wp-content\/uploads\/2021\/08\/betadine-oldat_-hasznalati-utasitas_rovid-.pdf\" class=\"wp-block-file__button\" download>Download<\/a><\/div>\n\n\n\n<h2>3.   Medszept oldat b\u0151rfert\u0151tlen\u00edt\u0151 szer-Haszn\u00e1lati utas\u00edt\u00e1s <\/h2>\n\n\n\n<div class=\"wp-block-file\"><object class=\"wp-block-file__embed\" data=\"http:\/\/www.mentodobozforg.hu\/wp-content\/uploads\/2021\/08\/medasept.pdf\" type=\"application\/pdf\" style=\"width:100%;height:470px\" aria-label=\"Embed of medasept.\"><\/object><a href=\"http:\/\/www.mentodobozforg.hu\/wp-content\/uploads\/2021\/08\/medasept.pdf\">medasept<\/a><a href=\"http:\/\/www.mentodobozforg.hu\/wp-content\/uploads\/2021\/08\/medasept.pdf\" class=\"wp-block-file__button\" download>Download<\/a><\/div>\n\n\n\n<p class=\"has-drop-cap\"><\/p>\n<\/div><\/div>","protected":false},"excerpt":{"rendered":"<p>1. Els\u0151seg\u00e9lyny\u00fajt\u00e1s 2. Betadine oldat b\u0151rfert\u0151tlen\u00edt\u0151 szer-Haszn\u00e1lati utas\u00edt\u00e1s 3. Medszept oldat b\u0151rfert\u0151tlen\u00edt\u0151 szer-Haszn\u00e1lati utas\u00edt\u00e1s<\/p>\n","protected":false},"author":1,"featured_media":0,"parent":0,"menu_order":0,"comment_status":"closed","ping_status":"closed","template":"","meta":[],"categories":[],"tags":[],"_links":{"self":[{"href":"http:\/\/www.mentodobozforg.hu\/en\/wp-json\/wp\/v2\/pages\/736"}],"collection":[{"href":"http:\/\/www.mentodobozforg.hu\/en\/wp-json\/wp\/v2\/pages"}],"about":[{"href":"http:\/\/www.mentodobozforg.hu\/en\/wp-json\/wp\/v2\/types\/page"}],"author":[{"embeddable":true,"href":"http:\/\/www.mentodobozforg.hu\/en\/wp-json\/wp\/v2\/users\/1"}],"replies":[{"embeddable":true,"href":"http:\/\/www.mentodobozforg.hu\/en\/wp-json\/wp\/v2\/comments?post=736"}],"version-history":[{"count":26,"href":"http:\/\/www.mentodobozforg.hu\/en\/wp-json\/wp\/v2\/pages\/736\/revisions"}],"predecessor-version":[{"id":809,"href":"http:\/\/www.mentodobozforg.hu\/en\/wp-json\/wp\/v2\/pages\/736\/revisions\/809"}],"wp:attachment":[{"href":"http:\/\/www.mentodobozforg.hu\/en\/wp-json\/wp\/v2\/media?parent=736"}],"wp:term":[{"taxonomy":"category","embeddable":true,"href":"http:\/\/www.mentodobozforg.hu\/en\/wp-json\/wp\/v2\/categories?post=736"},{"taxonomy":"post_tag","embeddable":true,"href":"http:\/\/www.mentodobozforg.hu\/en\/wp-json\/wp\/v2\/tags?post=736"}],"curies":[{"name":"wp","href":"https:\/\/api.w.org\/{rel}","templated":true}]}}