{"id":534,"date":"2018-05-28T07:44:24","date_gmt":"2018-05-28T07:44:24","guid":{"rendered":"http:\/\/www.mentodobozforg.hu\/en\/?page_id=534"},"modified":"2021-08-30T20:35:45","modified_gmt":"2021-08-30T20:35:45","slug":"szabvanyok","status":"publish","type":"page","link":"http:\/\/www.mentodobozforg.hu\/en\/szabvanyok\/","title":{"rendered":"Legal standards"},"content":{"rendered":"<div id=\"dslc-theme-content\"><div id=\"dslc-theme-content-inner\">\n<h1 class=\"has-text-align-left\"> 1.  A k\u00f6zleked\u00e9si, h\u00edrk\u00f6zl\u00e9si \u00e9s energia\u00fcgyi miniszter 50\/2009. (IX. 30.) KHEM rendelete a k\u00f6z\u00fati j\u00e1rm\u00fbvek forgalomba helyez\u00e9s\u00e9nek \u00e9s forgalomban tart\u00e1s\u00e1nak m\u00fbszaki felt\u00e9teleir\u00f5l sz\u00f3l\u00f3 6\/1990. (IV. 12.) K\u00f6H\u00c9M rendelet m\u00f3dos\u00edt\u00e1s\u00e1r\u00f3l <\/h1>\n\n\n\n<p><\/p>\n\n\n\n<div class=\"wp-block-file\"><object class=\"wp-block-file__embed\" data=\"http:\/\/www.mentodobozforg.hu\/wp-content\/uploads\/2021\/08\/A-magyarorszagi-jarmuveken-elsosegelynyujto-felszerelest-6_1990.-IV.-12.-KoHEM-rendelet-modositasarol-1.pdf\" type=\"application\/pdf\" style=\"width:100%;height:600px\" aria-label=\"Embed of A magyarorsz\u00e1gi j\u00e1rm\u0171veken els\u0151seg\u00e9lyny\u00fajt\u00f3 felszerel\u00e9st 6_1990. (IV. 12.) K\u00f6H\u00c9M rendelet m\u00f3dos\u00edt\u00e1s\u00e1r\u00f3l.\"><\/object><a href=\"http:\/\/www.mentodobozforg.hu\/wp-content\/uploads\/2021\/08\/A-magyarorszagi-jarmuveken-elsosegelynyujto-felszerelest-6_1990.-IV.-12.-KoHEM-rendelet-modositasarol-1.pdf\">A magyarorsz\u00e1gi j\u00e1rm\u0171veken els\u0151seg\u00e9lyny\u00fajt\u00f3 felszerel\u00e9st 6_1990. (IV. 12.) K\u00f6H\u00c9M rendelet m\u00f3dos\u00edt\u00e1s\u00e1r\u00f3l<\/a><a href=\"http:\/\/www.mentodobozforg.hu\/wp-content\/uploads\/2021\/08\/A-magyarorszagi-jarmuveken-elsosegelynyujto-felszerelest-6_1990.-IV.-12.-KoHEM-rendelet-modositasarol-1.pdf\" class=\"wp-block-file__button\" download>Download<\/a><\/div>\n\n\n\n<h1>&nbsp;<\/h1>\n\n\n\n<h1 class=\"cf1 agc\" id=\"pr1id\"><span style=\"color: #000000;\">2.&nbsp; 6\/1990. (IV. 12.) K\u00f6H\u00c9M rendelet a k\u00f6z\u00fati j\u00e1rm\u0171vek forgalomba helyez\u00e9s\u00e9nek \u00e9s forgalomban tart\u00e1s\u00e1nak m\u0171szaki felt\u00e9teleir\u0151l<\/span><\/h1>\n\n\n\n<p><span style=\"color: #000000;\">A rendelet hat\u00e1lya &#8211; a (2) \u00e9s (3) bekezd\u00e9sben foglalt kiv\u00e9tellel &#8211; Magyarorsz\u00e1g ter\u00fclet\u00e9n k\u00f6z\u00faton vagy k\u00f6zforgalom elo\u02ddl el nem z\u00e1rt mag\u00e1n\u00faton (a tov\u00e1bbiakban egy\u00fctt: k\u00f6z\u00fat) k\u00f6zleked\u0151 j\u00e1rm\u0171vekre terjed ki.<\/span><\/p>\n\n\n\n<p><span style=\"color: #000000;\">Rendelet r\u00e9szletes le\u00edr\u00e1s\u00e1t <\/span><span style=\"color: #ff0000;\"><a style=\"color: #ff0000;\" href=\"https:\/\/net.jogtar.hu\/jogszabaly?docid=99000006.KOH\">ide<\/a> <\/span><span style=\"color: #000000;\">kattintva \u00e9rheti el.<\/span><\/p>\n\n\n\n<h1>3.&nbsp; \u00dczemek \u00e9s kishaj\u00f3:<\/h1>\n\n\n\n<p>MSZ13553-1989 rendelet amely<span style=\"color: #ff0000;\"> <a style=\"color: #ff0000;\" href=\"https:\/\/drive.google.com\/open?id=1COJt7QnLGUMURJ7O0K2ipFpFFpFuaTt6\">ide<\/a> <\/span>kattinva t\u00f6lthet\u0151 le<\/p>\n\n\n\n<p><\/p>\n<\/div><\/div>","protected":false},"excerpt":{"rendered":"<p>1. A k\u00f6zleked\u00e9si, h\u00edrk\u00f6zl\u00e9si \u00e9s energia\u00fcgyi miniszter 50\/2009. (IX. 30.) KHEM rendelete a k\u00f6z\u00fati j\u00e1rm\u00fbvek forgalomba helyez\u00e9s\u00e9nek \u00e9s forgalomban tart\u00e1s\u00e1nak m\u00fbszaki felt\u00e9teleir\u00f5l sz\u00f3l\u00f3 6\/1990. (IV. 12.) K\u00f6H\u00c9M rendelet m\u00f3dos\u00edt\u00e1s\u00e1r\u00f3l &nbsp; 2.&nbsp; 6\/1990. (IV. 12.) K\u00f6H\u00c9M rendelet a k\u00f6z\u00fati j\u00e1rm\u0171vek forgalomba helyez\u00e9s\u00e9nek \u00e9s forgalomban tart\u00e1s\u00e1nak m\u0171szaki felt\u00e9teleir\u0151l A rendelet hat\u00e1lya &#8211; a (2) \u00e9s (3) bekezd\u00e9sben&#8230;<\/p>\n<p class=\"more-link\"><a href=\"http:\/\/www.mentodobozforg.hu\/en\/szabvanyok\/\" class=\"\"><span>Read More<\/span><i>&#43;<\/i><\/a><\/p>\n","protected":false},"author":1,"featured_media":0,"parent":0,"menu_order":0,"comment_status":"closed","ping_status":"closed","template":"","meta":[],"categories":[],"tags":[],"_links":{"self":[{"href":"http:\/\/www.mentodobozforg.hu\/en\/wp-json\/wp\/v2\/pages\/534"}],"collection":[{"href":"http:\/\/www.mentodobozforg.hu\/en\/wp-json\/wp\/v2\/pages"}],"about":[{"href":"http:\/\/www.mentodobozforg.hu\/en\/wp-json\/wp\/v2\/types\/page"}],"author":[{"embeddable":true,"href":"http:\/\/www.mentodobozforg.hu\/en\/wp-json\/wp\/v2\/users\/1"}],"replies":[{"embeddable":true,"href":"http:\/\/www.mentodobozforg.hu\/en\/wp-json\/wp\/v2\/comments?post=534"}],"version-history":[{"count":36,"href":"http:\/\/www.mentodobozforg.hu\/en\/wp-json\/wp\/v2\/pages\/534\/revisions"}],"predecessor-version":[{"id":808,"href":"http:\/\/www.mentodobozforg.hu\/en\/wp-json\/wp\/v2\/pages\/534\/revisions\/808"}],"wp:attachment":[{"href":"http:\/\/www.mentodobozforg.hu\/en\/wp-json\/wp\/v2\/media?parent=534"}],"wp:term":[{"taxonomy":"category","embeddable":true,"href":"http:\/\/www.mentodobozforg.hu\/en\/wp-json\/wp\/v2\/categories?post=534"},{"taxonomy":"post_tag","embeddable":true,"href":"http:\/\/www.mentodobozforg.hu\/en\/wp-json\/wp\/v2\/tags?post=534"}],"curies":[{"name":"wp","href":"https:\/\/api.w.org\/{rel}","templated":true}]}}