{"id":440,"date":"2018-05-25T12:02:38","date_gmt":"2018-05-25T12:02:38","guid":{"rendered":"http:\/\/www.mentodobozforg.hu\/?page_id=440"},"modified":"2020-03-11T10:56:54","modified_gmt":"2020-03-11T10:56:54","slug":"termekeink","status":"publish","type":"page","link":"http:\/\/www.mentodobozforg.hu\/en\/termekeink\/","title":{"rendered":"Term\u00e9keink"},"content":{"rendered":"<div id=\"dslc-content\" class=\"dslc-content dslc-clearfix\"><div id=\"dslc-main\">\n\t\t<div  class=\"dslc-modules-section \" style=\"padding-bottom:63px;padding-top:63px;background-color:#f7f9fa;border-top-style: hidden; border-right-style: hidden; border-left-style: hidden; \" data-section-id=\"58f06eb2b78\">\n\t\t\t\t\n\t\t\t\t\n\t\t\t\t<div class=\"dslc-modules-section-wrapper dslc-clearfix\"><div class=\"dslc-modules-area dslc-col dslc-8-col dslc-first-col\" data-size=\"8\" data-valign=\"\">\n\t\t<div id=\"dslc-module-42\" class=\"dslc-module-front dslc-module-DSLC_Blog dslc-in-viewport-check dslc-in-viewport-anim-none  dslc-col dslc-12-col dslc-last-col  dslc-module-handle-like-regular \" data-module-id=\"42\" data-module=\"DSLC_Blog\" data-dslc-module-size=\"12\" data-dslc-anim=\"none\" data-dslc-anim-delay=\"\" data-dslc-anim-duration=\"650\"  data-dslc-anim-easing=\"ease\" data-dslc-preset=\"none\" >\n\n\t\t\t\n\t\t\t\n\t\t\t\t<div class=\"dslc-posts dslc-blog-posts dslc-clearfix dslc-blog-posts-type-grid dslc-posts-orientation-horizontal dslc-init-grid \">\n\t\t\t\n\t\t\t\n\t\t<div class=\"dslc-posts-inner\">\n\t<div class=\"dslc-post dslc-blog-post dslc-col dslc-12-col  dslc-last-col dslc-post-format-standard\" data-cats=\"termekeink \">\n\n\t\n\t\t\t\t\t\t\t\t\n\t\t\t\t\t\t\t\t\t<div class=\"dslc-blog-post-thumb dslc-post-thumb dslc-on-hover-anim\">\n\n\t\t\t\t\t\t\t\t\t\t\n\t\t\t\t\t\t\t\t\t\t\t<div class=\"dslc-blog-post-thumb-inner dslca-post-thumb\">\n\t\t\t\t\t\t\t\t\t\t\t\t\n\t\t\t\t\t\t\t\t\t\t\t\t\t\t\t\t\t\t\t\t\t\t\t\t\t<a href=\"http:\/\/www.mentodobozforg.hu\/en\/2018\/05\/02\/a-tipusu-mentodoboz-textiltasakos\/\" class=\"\"><img width=\"482\" height=\"482\" src=\"http:\/\/www.mentodobozforg.hu\/wp-content\/uploads\/2018\/05\/atipus-1.jpg\" class=\"attachment-full size-full wp-post-image\" alt=\"\" loading=\"lazy\" title=\"atipus\" srcset=\"http:\/\/www.mentodobozforg.hu\/wp-content\/uploads\/2018\/05\/atipus-1.jpg 482w, http:\/\/www.mentodobozforg.hu\/wp-content\/uploads\/2018\/05\/atipus-1-150x150.jpg 150w, http:\/\/www.mentodobozforg.hu\/wp-content\/uploads\/2018\/05\/atipus-1-300x300.jpg 300w, http:\/\/www.mentodobozforg.hu\/wp-content\/uploads\/2018\/05\/atipus-1-380x380.jpg 380w, http:\/\/www.mentodobozforg.hu\/wp-content\/uploads\/2018\/05\/atipus-1-285x285.jpg 285w, http:\/\/www.mentodobozforg.hu\/wp-content\/uploads\/2018\/05\/atipus-1-100x100.jpg 100w\" sizes=\"(max-width: 482px) 100vw, 482px\" \/><\/a>\n\t\t\t\t\t\t\t\t\t\t\t\t\t\t\t\t\t\t\t\t\t\t\t<\/div><!-- .dslc-blog-post-thumb-inner -->\n\n\t\t\t\t\t\t\t\t\t\t\n\t\t\t\t\t\t\t\t\t\t\n\t\t\t\t\t\t\t\t\t<\/div><!-- .dslc-blog-post-thumb -->\n\n\t\t\t\t\t\t\t\t\n\t\t\t\t\t\t\t\n\t\t\t\t\t\t\t\n\t\t\t\t\t\t\t\t<div class=\"dslc-post-main dslc-blog-post-main\">\n\n\t\t\t\t\t\t\t\t\t\n\t\t\t\t\t\t\t\t\t\n\t\t\t\t\t\t\t\t\t\t<div class=\"dslc-blog-post-title\">\n\t\t\t\t\t\t\t\t\t\t\t<h2><a href=\"http:\/\/www.mentodobozforg.hu\/en\/2018\/05\/02\/a-tipusu-mentodoboz-textiltasakos\/\">A  t\u00edpus\u00fa ment\u0151doboz \u2013 Textiltasakos<\/a><\/h2>\n\t\t\t\t\t\t\t\t\t\t<\/div><!-- .dslc-blog-post-title -->\n\n\t\t\t\t\t\t\t\t\t\n\t\t\t\t\t\t\t\t\t\n\t\t\t\t\t\t\t\t\t\t\n\t\t\t\t\t\t\t\t\t\t<div class=\"dslc-blog-post-meta\">\n\n\t\t\t\t\t\t\t\t\t\t\t\t\t\t\t\t\t\t\t\t\t\t\t<div class=\"dslc-blog-post-meta-author \">\n\t\t\t\t\t\t\t\t\t\t\t\t\t<span class=\"dslc-blog-post-meta-avatar\">\n\t\t\t\t\t\t\t\t\t\t\t\t\t\t<img alt='' src='http:\/\/1.gravatar.com\/avatar\/adf5319516aa2d5e806720e0e0b0d355?s=100&#038;d=mm&#038;r=g' srcset='http:\/\/1.gravatar.com\/avatar\/adf5319516aa2d5e806720e0e0b0d355?s=200&#038;d=mm&#038;r=g 2x' class='avatar avatar-100 photo' height='100' width='100' loading='lazy'\/>\t\t\t\t\t\t\t\t\t\t\t\t\t<\/span>\n\t\t\t\t\t\t\t\t\t\t\t\t\tBy <a href=\"http:\/\/www.mentodobozforg.hu\/en\/author\/mentodob_admin\/\" title=\"Posts by mentodob_admin\" rel=\"author\">mentodob_admin<\/a>\t\t\t\t\t\t\t\t\t\t\t\t<\/div><!-- .dslc-blog-post-meta-author -->\n\t\t\t\t\t\t\t\t\t\t\t\n\t\t\t\t\t\t\t\t\t\t\t\t\t\t\t\t\t\t\t\t\t\t\t<div class=\"dslc-blog-post-meta-date \">\n\t\t\t\t\t\t\t\t\t\t\t\t\t2018-05-02\t\t\t\t\t\t\t\t\t\t\t\t<\/div><!-- .dslc-blog-post-meta-date -->\n\t\t\t\t\t\t\t\t\t\t\t\n\t\t\t\t\t\t\t\t\t\t\t\n\t\t\t\t\t\t\t\t\t\t\t<div class=\"clearfix\"><\/div>\n\n\t\t\t\t\t\t\t\t\t\t\t<div class=\"meta-category\">\n\t\t\t\t\t\t\t\t\t\t\t\t\t\t\t\t\t\t\t\t\t\t\t\t\t\t\t\t\t\t\t\t\t\t\t<\/div>\n\n\t\t\t\t\t\t\t\t\t\t<\/div><!-- .dslc-blog-post-meta -->\n\t\t\t\t\t\t\t\t\t\t\n\t\t\t\t\t\t\t\t\t\n\t\t\t\t\t\t\t\t\t\n\t\t\t\t\t\t\t\t\t\t<div class=\"dslc-blog-post-excerpt\">\n\t\t\t\t\t\t\t\t\t\t\t\t\t\t\t\t\t\t\t\t\t\t\tAz \"A\" t\u00edpus\u00fa els\u0151seg\u00e9ly felszerel\u00e9s az A g\u00e9pj\u00e1rm\u0171 kateg\u00f3ria k\u00f6vetelm\u00e9nyeinek eleget tesz. Az A ment\u0151l\u00e1da alkalmazhat\u00f3: ker\u00e9kp\u00e1r, seg\u00e9dmotorker\u00e9kp\u00e1r (kismotor), motorker\u00e9kp\u00e1r (nagymotor) kiv\u00e9ve az oldalkocsis motorker\u00e9kp\u00e1rokat, amihez \"B\" t\u00edpus\u00fa ment\u0151l\u00e1da sz\u00fcks\u00e9ges.\u00a0\t\t\t\t\t\t\t\t\t\t\t\t\t\t\t\t\t\t\t\t\t<\/div><!-- .dslc-blog-post-excerpt -->\n\n\t\t\t\t\t\t\t\t\t\n\t\t\t\t\t\t\t\t\t\n\t\t\t\t\t\t\t\t\t\t<div class=\"dslc-blog-post-read-more\">\n\t\t\t\t\t\t\t\t\t\t\t<a href=\"http:\/\/www.mentodobozforg.hu\/en\/2018\/05\/02\/a-tipusu-mentodoboz-textiltasakos\/\">\n\t\t\t\t\t\t\t\t\t\t\t\t\t\t\t\t\t\t\t\t\t\t\t\t\t<span class=\"dslc-icon dslc-icon-arrow-right\"><\/span>\t\n\t\t\t\t\t\t\t\t\t\t\t\t\t\t\t\t\t\t\t\t\t\t\t\tContinue Reading\t\t\t\t\t\t\t\t\t\t\t<\/a>\n\t\t\t\t\t\t\t\t\t\t<\/div><!-- .dslc-blog-post-read-more -->\n\n\t\t\t\t\t\t\t\t\t\n\t\t\t\t\t\t\t\t<\/div><!-- .blog-post-main -->\n\n\t\t\t\t\t\t\t\t\n\t\t\t\t\t\t\t\t\n\t\t\t\t\t\t\t\n\t\t\t\t\t\t<\/div><!-- .dslc-blog-post -->\n\n\t\t\t\t\t\t\n\t\t\t\t\t\t<div class=\"dslc-post-separator\"><\/div>\n\t<div class=\"dslc-post dslc-blog-post dslc-col dslc-12-col  dslc-last-col dslc-post-format-standard\" data-cats=\"termekeink \">\n\n\t\n\t\t\t\t\t\t\t\t\n\t\t\t\t\t\t\t\t\t<div class=\"dslc-blog-post-thumb dslc-post-thumb dslc-on-hover-anim\">\n\n\t\t\t\t\t\t\t\t\t\t\n\t\t\t\t\t\t\t\t\t\t\t<div class=\"dslc-blog-post-thumb-inner dslca-post-thumb\">\n\t\t\t\t\t\t\t\t\t\t\t\t\n\t\t\t\t\t\t\t\t\t\t\t\t\t\t\t\t\t\t\t\t\t\t\t\t\t<a href=\"http:\/\/www.mentodobozforg.hu\/en\/2018\/05\/02\/b-tipusu-mentodoboz-muanyagdobozos\/\" class=\"\"><img width=\"500\" height=\"500\" src=\"http:\/\/www.mentodobozforg.hu\/wp-content\/uploads\/2021\/02\/2021-B-BlueBox-Betadine.jpg\" class=\"attachment-full size-full wp-post-image\" alt=\"\" loading=\"lazy\" title=\"2021 B-BlueBox-Betadine\" srcset=\"http:\/\/www.mentodobozforg.hu\/wp-content\/uploads\/2021\/02\/2021-B-BlueBox-Betadine.jpg 500w, http:\/\/www.mentodobozforg.hu\/wp-content\/uploads\/2021\/02\/2021-B-BlueBox-Betadine-150x150.jpg 150w, http:\/\/www.mentodobozforg.hu\/wp-content\/uploads\/2021\/02\/2021-B-BlueBox-Betadine-300x300.jpg 300w, http:\/\/www.mentodobozforg.hu\/wp-content\/uploads\/2021\/02\/2021-B-BlueBox-Betadine-380x380.jpg 380w, http:\/\/www.mentodobozforg.hu\/wp-content\/uploads\/2021\/02\/2021-B-BlueBox-Betadine-285x285.jpg 285w, http:\/\/www.mentodobozforg.hu\/wp-content\/uploads\/2021\/02\/2021-B-BlueBox-Betadine-100x100.jpg 100w\" sizes=\"(max-width: 500px) 100vw, 500px\" \/><\/a>\n\t\t\t\t\t\t\t\t\t\t\t\t\t\t\t\t\t\t\t\t\t\t\t<\/div><!-- .dslc-blog-post-thumb-inner -->\n\n\t\t\t\t\t\t\t\t\t\t\n\t\t\t\t\t\t\t\t\t\t\n\t\t\t\t\t\t\t\t\t<\/div><!-- .dslc-blog-post-thumb -->\n\n\t\t\t\t\t\t\t\t\n\t\t\t\t\t\t\t\n\t\t\t\t\t\t\t\n\t\t\t\t\t\t\t\t<div class=\"dslc-post-main dslc-blog-post-main\">\n\n\t\t\t\t\t\t\t\t\t\n\t\t\t\t\t\t\t\t\t\n\t\t\t\t\t\t\t\t\t\t<div class=\"dslc-blog-post-title\">\n\t\t\t\t\t\t\t\t\t\t\t<h2><a href=\"http:\/\/www.mentodobozforg.hu\/en\/2018\/05\/02\/b-tipusu-mentodoboz-muanyagdobozos\/\">B t\u00edpus\u00fa ment\u0151doboz \u2013 M\u0171anyagdobozos<\/a><\/h2>\n\t\t\t\t\t\t\t\t\t\t<\/div><!-- .dslc-blog-post-title -->\n\n\t\t\t\t\t\t\t\t\t\n\t\t\t\t\t\t\t\t\t\n\t\t\t\t\t\t\t\t\t\t\n\t\t\t\t\t\t\t\t\t\t<div class=\"dslc-blog-post-meta\">\n\n\t\t\t\t\t\t\t\t\t\t\t\t\t\t\t\t\t\t\t\t\t\t\t<div class=\"dslc-blog-post-meta-author \">\n\t\t\t\t\t\t\t\t\t\t\t\t\t<span class=\"dslc-blog-post-meta-avatar\">\n\t\t\t\t\t\t\t\t\t\t\t\t\t\t<img alt='' src='http:\/\/1.gravatar.com\/avatar\/adf5319516aa2d5e806720e0e0b0d355?s=100&#038;d=mm&#038;r=g' srcset='http:\/\/1.gravatar.com\/avatar\/adf5319516aa2d5e806720e0e0b0d355?s=200&#038;d=mm&#038;r=g 2x' class='avatar avatar-100 photo' height='100' width='100' loading='lazy'\/>\t\t\t\t\t\t\t\t\t\t\t\t\t<\/span>\n\t\t\t\t\t\t\t\t\t\t\t\t\tBy <a href=\"http:\/\/www.mentodobozforg.hu\/en\/author\/mentodob_admin\/\" title=\"Posts by mentodob_admin\" rel=\"author\">mentodob_admin<\/a>\t\t\t\t\t\t\t\t\t\t\t\t<\/div><!-- .dslc-blog-post-meta-author -->\n\t\t\t\t\t\t\t\t\t\t\t\n\t\t\t\t\t\t\t\t\t\t\t\t\t\t\t\t\t\t\t\t\t\t\t<div class=\"dslc-blog-post-meta-date \">\n\t\t\t\t\t\t\t\t\t\t\t\t\t2018-05-02\t\t\t\t\t\t\t\t\t\t\t\t<\/div><!-- .dslc-blog-post-meta-date -->\n\t\t\t\t\t\t\t\t\t\t\t\n\t\t\t\t\t\t\t\t\t\t\t\n\t\t\t\t\t\t\t\t\t\t\t<div class=\"clearfix\"><\/div>\n\n\t\t\t\t\t\t\t\t\t\t\t<div class=\"meta-category\">\n\t\t\t\t\t\t\t\t\t\t\t\t\t\t\t\t\t\t\t\t\t\t\t\t\t\t\t\t\t\t\t\t\t\t\t<\/div>\n\n\t\t\t\t\t\t\t\t\t\t<\/div><!-- .dslc-blog-post-meta -->\n\t\t\t\t\t\t\t\t\t\t\n\t\t\t\t\t\t\t\t\t\n\t\t\t\t\t\t\t\t\t\n\t\t\t\t\t\t\t\t\t\t<div class=\"dslc-blog-post-excerpt\">\n\t\t\t\t\t\t\t\t\t\t\t\t\t\t\t\t\t\t\t\t\t\t\tA \"B\" t\u00edpus\u00fa ment\u0151doboz a k\u00f6vetkez\u0151 helyeken alkalmazhat\u00f3: szem\u00e9lyg\u00e9pkocsi, kishaj\u00f3, teherg\u00e9pkocsi, oldalkocsis motorker\u00e9kp\u00e1r, mez\u0151gazdas\u00e1gi vontat\u00f3 \u00e9s lass\u00fa j\u00e1rm\u0171, kiz\u00e1r\u00f3lag menetrendszer\u0171 helyi j\u00e1ratban k\u00f6zleked\u0151 aut\u00f3busz.\u00a0\t\t\t\t\t\t\t\t\t\t\t\t\t\t\t\t\t\t\t\t\t<\/div><!-- .dslc-blog-post-excerpt -->\n\n\t\t\t\t\t\t\t\t\t\n\t\t\t\t\t\t\t\t\t\n\t\t\t\t\t\t\t\t\t\t<div class=\"dslc-blog-post-read-more\">\n\t\t\t\t\t\t\t\t\t\t\t<a href=\"http:\/\/www.mentodobozforg.hu\/en\/2018\/05\/02\/b-tipusu-mentodoboz-muanyagdobozos\/\">\n\t\t\t\t\t\t\t\t\t\t\t\t\t\t\t\t\t\t\t\t\t\t\t\t\t<span class=\"dslc-icon dslc-icon-arrow-right\"><\/span>\t\n\t\t\t\t\t\t\t\t\t\t\t\t\t\t\t\t\t\t\t\t\t\t\t\tContinue Reading\t\t\t\t\t\t\t\t\t\t\t<\/a>\n\t\t\t\t\t\t\t\t\t\t<\/div><!-- .dslc-blog-post-read-more -->\n\n\t\t\t\t\t\t\t\t\t\n\t\t\t\t\t\t\t\t<\/div><!-- .blog-post-main -->\n\n\t\t\t\t\t\t\t\t\n\t\t\t\t\t\t\t\t\n\t\t\t\t\t\t\t\n\t\t\t\t\t\t<\/div><!-- .dslc-blog-post -->\n\n\t\t\t\t\t\t\n\t\t\t\t\t\t<div class=\"dslc-post-separator\"><\/div>\n\t<div class=\"dslc-post dslc-blog-post dslc-col dslc-12-col  dslc-last-col dslc-post-format-standard\" data-cats=\"termekeink \">\n\n\t\n\t\t\t\t\t\t\t\t\n\t\t\t\t\t\t\t\t\t<div class=\"dslc-blog-post-thumb dslc-post-thumb dslc-on-hover-anim\">\n\n\t\t\t\t\t\t\t\t\t\t\n\t\t\t\t\t\t\t\t\t\t\t<div class=\"dslc-blog-post-thumb-inner dslca-post-thumb\">\n\t\t\t\t\t\t\t\t\t\t\t\t\n\t\t\t\t\t\t\t\t\t\t\t\t\t\t\t\t\t\t\t\t\t\t\t\t\t<a href=\"http:\/\/www.mentodobozforg.hu\/en\/2018\/05\/02\/b-tipusu-mentodoboz-textiltasakos\/\" class=\"\"><img width=\"500\" height=\"366\" src=\"http:\/\/www.mentodobozforg.hu\/wp-content\/uploads\/2021\/02\/2021-B-Tasak-Betadine-.jpg\" class=\"attachment-full size-full wp-post-image\" alt=\"\" loading=\"lazy\" title=\"2021 B-Tasak Betadine\" srcset=\"http:\/\/www.mentodobozforg.hu\/wp-content\/uploads\/2021\/02\/2021-B-Tasak-Betadine-.jpg 500w, http:\/\/www.mentodobozforg.hu\/wp-content\/uploads\/2021\/02\/2021-B-Tasak-Betadine--300x220.jpg 300w\" sizes=\"(max-width: 500px) 100vw, 500px\" \/><\/a>\n\t\t\t\t\t\t\t\t\t\t\t\t\t\t\t\t\t\t\t\t\t\t\t<\/div><!-- .dslc-blog-post-thumb-inner -->\n\n\t\t\t\t\t\t\t\t\t\t\n\t\t\t\t\t\t\t\t\t\t\n\t\t\t\t\t\t\t\t\t<\/div><!-- .dslc-blog-post-thumb -->\n\n\t\t\t\t\t\t\t\t\n\t\t\t\t\t\t\t\n\t\t\t\t\t\t\t\n\t\t\t\t\t\t\t\t<div class=\"dslc-post-main dslc-blog-post-main\">\n\n\t\t\t\t\t\t\t\t\t\n\t\t\t\t\t\t\t\t\t\n\t\t\t\t\t\t\t\t\t\t<div class=\"dslc-blog-post-title\">\n\t\t\t\t\t\t\t\t\t\t\t<h2><a href=\"http:\/\/www.mentodobozforg.hu\/en\/2018\/05\/02\/b-tipusu-mentodoboz-textiltasakos\/\">B t\u00edpus\u00fa ment\u0151doboz \u2013 Textiltasakos<\/a><\/h2>\n\t\t\t\t\t\t\t\t\t\t<\/div><!-- .dslc-blog-post-title -->\n\n\t\t\t\t\t\t\t\t\t\n\t\t\t\t\t\t\t\t\t\n\t\t\t\t\t\t\t\t\t\t\n\t\t\t\t\t\t\t\t\t\t<div class=\"dslc-blog-post-meta\">\n\n\t\t\t\t\t\t\t\t\t\t\t\t\t\t\t\t\t\t\t\t\t\t\t<div class=\"dslc-blog-post-meta-author \">\n\t\t\t\t\t\t\t\t\t\t\t\t\t<span class=\"dslc-blog-post-meta-avatar\">\n\t\t\t\t\t\t\t\t\t\t\t\t\t\t<img alt='' src='http:\/\/1.gravatar.com\/avatar\/adf5319516aa2d5e806720e0e0b0d355?s=100&#038;d=mm&#038;r=g' srcset='http:\/\/1.gravatar.com\/avatar\/adf5319516aa2d5e806720e0e0b0d355?s=200&#038;d=mm&#038;r=g 2x' class='avatar avatar-100 photo' height='100' width='100' loading='lazy'\/>\t\t\t\t\t\t\t\t\t\t\t\t\t<\/span>\n\t\t\t\t\t\t\t\t\t\t\t\t\tBy <a href=\"http:\/\/www.mentodobozforg.hu\/en\/author\/mentodob_admin\/\" title=\"Posts by mentodob_admin\" rel=\"author\">mentodob_admin<\/a>\t\t\t\t\t\t\t\t\t\t\t\t<\/div><!-- .dslc-blog-post-meta-author -->\n\t\t\t\t\t\t\t\t\t\t\t\n\t\t\t\t\t\t\t\t\t\t\t\t\t\t\t\t\t\t\t\t\t\t\t<div class=\"dslc-blog-post-meta-date \">\n\t\t\t\t\t\t\t\t\t\t\t\t\t2018-05-02\t\t\t\t\t\t\t\t\t\t\t\t<\/div><!-- .dslc-blog-post-meta-date -->\n\t\t\t\t\t\t\t\t\t\t\t\n\t\t\t\t\t\t\t\t\t\t\t\n\t\t\t\t\t\t\t\t\t\t\t<div class=\"clearfix\"><\/div>\n\n\t\t\t\t\t\t\t\t\t\t\t<div class=\"meta-category\">\n\t\t\t\t\t\t\t\t\t\t\t\t\t\t\t\t\t\t\t\t\t\t\t\t\t\t\t\t\t\t\t\t\t\t\t<\/div>\n\n\t\t\t\t\t\t\t\t\t\t<\/div><!-- .dslc-blog-post-meta -->\n\t\t\t\t\t\t\t\t\t\t\n\t\t\t\t\t\t\t\t\t\n\t\t\t\t\t\t\t\t\t\n\t\t\t\t\t\t\t\t\t\t<div class=\"dslc-blog-post-excerpt\">\n\t\t\t\t\t\t\t\t\t\t\t\t\t\t\t\t\t\t\t\t\t\t\tA \"B\" t\u00edpus\u00fa ment\u0151doboz a k\u00f6vetkez\u0151 helyeken alkalmazhat\u00f3: szem\u00e9lyg\u00e9pkocsi, kishaj\u00f3, teherg\u00e9pkocsi, oldalkocsis motorker\u00e9kp\u00e1r, mez\u0151gazdas\u00e1gi vontat\u00f3 \u00e9s lass\u00fa j\u00e1rm\u0171, kiz\u00e1r\u00f3lag menetrendszer\u0171 helyi j\u00e1ratban k\u00f6zleked\u0151 aut\u00f3busz.&nbsp;\t\t\t\t\t\t\t\t\t\t\t\t\t\t\t\t\t\t\t\t\t<\/div><!-- .dslc-blog-post-excerpt -->\n\n\t\t\t\t\t\t\t\t\t\n\t\t\t\t\t\t\t\t\t\n\t\t\t\t\t\t\t\t\t\t<div class=\"dslc-blog-post-read-more\">\n\t\t\t\t\t\t\t\t\t\t\t<a href=\"http:\/\/www.mentodobozforg.hu\/en\/2018\/05\/02\/b-tipusu-mentodoboz-textiltasakos\/\">\n\t\t\t\t\t\t\t\t\t\t\t\t\t\t\t\t\t\t\t\t\t\t\t\t\t<span class=\"dslc-icon dslc-icon-arrow-right\"><\/span>\t\n\t\t\t\t\t\t\t\t\t\t\t\t\t\t\t\t\t\t\t\t\t\t\t\tContinue Reading\t\t\t\t\t\t\t\t\t\t\t<\/a>\n\t\t\t\t\t\t\t\t\t\t<\/div><!-- .dslc-blog-post-read-more -->\n\n\t\t\t\t\t\t\t\t\t\n\t\t\t\t\t\t\t\t<\/div><!-- .blog-post-main -->\n\n\t\t\t\t\t\t\t\t\n\t\t\t\t\t\t\t\t\n\t\t\t\t\t\t\t\n\t\t\t\t\t\t<\/div><!-- .dslc-blog-post -->\n\n\t\t\t\t\t\t\n\t\t\t\t\t\t<\/div><!-- .dslc-posts-inner -->\n\t\t\t\n\t\t\t\n\t<\/div><!-- .dslc-blog-posts -->\t\t<div class=\"dslc-pagination dslc-pagination-type-numbered\">\n\t\t\t<ul class=\"dslc-clearfix\">\n\t\t\t\t<li class='dslc-active'><a href='http:\/\/www.mentodobozforg.hu\/en\/wp-json\/wp\/v2\/pages\/440'>1<\/a><\/li><li class='dslc-inactive'><a class='inactive' href='http:\/\/www.mentodobozforg.hu\/en\/wp-json\/wp\/v2\/pages\/440\/page\/2\/'>2<\/a><\/li><li class='dslc-inactive'><a class='inactive' href='http:\/\/www.mentodobozforg.hu\/en\/wp-json\/wp\/v2\/pages\/440\/page\/3\/'>3<\/a><\/li><li class='dslc-inactive'><a class='inactive' href='http:\/\/www.mentodobozforg.hu\/en\/wp-json\/wp\/v2\/pages\/440\/page\/4\/'>4<\/a><\/li>\t\t\t<\/ul>\n\n\t\t\t\n\t\t<\/div><!-- .dslc-pagination -->\n\t\n\t\t\t\t<\/div><!-- .dslc-module -->\n\t\t<\/div><div class=\"dslc-modules-area dslc-col dslc-4-col dslc-last-col\" data-size=\"4\" data-valign=\"\">\n\t\t<div id=\"dslc-module-43\" class=\"dslc-module-front dslc-module-DSLC_Widgets dslc-in-viewport-check dslc-in-viewport-anim-none  dslc-col dslc-12-col dslc-last-col  dslc-module-handle-like-regular \" data-module-id=\"43\" data-module=\"DSLC_Widgets\" data-dslc-module-size=\"12\" data-dslc-anim=\"none\" data-dslc-anim-delay=\"0\" data-dslc-anim-duration=\"650\"  data-dslc-anim-easing=\"ease\" data-dslc-preset=\"none\" >\n\n\t\t\t\n\t\t\t\n\t\t\t\t\t<div class=\"dslc-widgets dslc-clearfix dslc-widgets-12-col\">\n\t\t\t\t<div class=\"dslc-widgets-wrap dslc-clearfix\">\n\t\t\t\t\t\t\t\t\t<\/div>\n\t\t\t<\/div>\n\t\t\n\t\t\t\t<\/div><!-- .dslc-module -->\n\t\t<\/div><\/div><\/div><\/div><\/div>","protected":false},"excerpt":{"rendered":"","protected":false},"author":1,"featured_media":0,"parent":0,"menu_order":0,"comment_status":"closed","ping_status":"closed","template":"","meta":[],"categories":[],"tags":[],"_links":{"self":[{"href":"http:\/\/www.mentodobozforg.hu\/en\/wp-json\/wp\/v2\/pages\/440"}],"collection":[{"href":"http:\/\/www.mentodobozforg.hu\/en\/wp-json\/wp\/v2\/pages"}],"about":[{"href":"http:\/\/www.mentodobozforg.hu\/en\/wp-json\/wp\/v2\/types\/page"}],"author":[{"embeddable":true,"href":"http:\/\/www.mentodobozforg.hu\/en\/wp-json\/wp\/v2\/users\/1"}],"replies":[{"embeddable":true,"href":"http:\/\/www.mentodobozforg.hu\/en\/wp-json\/wp\/v2\/comments?post=440"}],"version-history":[{"count":3,"href":"http:\/\/www.mentodobozforg.hu\/en\/wp-json\/wp\/v2\/pages\/440\/revisions"}],"predecessor-version":[{"id":705,"href":"http:\/\/www.mentodobozforg.hu\/en\/wp-json\/wp\/v2\/pages\/440\/revisions\/705"}],"wp:attachment":[{"href":"http:\/\/www.mentodobozforg.hu\/en\/wp-json\/wp\/v2\/media?parent=440"}],"wp:term":[{"taxonomy":"category","embeddable":true,"href":"http:\/\/www.mentodobozforg.hu\/en\/wp-json\/wp\/v2\/categories?post=440"},{"taxonomy":"post_tag","embeddable":true,"href":"http:\/\/www.mentodobozforg.hu\/en\/wp-json\/wp\/v2\/tags?post=440"}],"curies":[{"name":"wp","href":"https:\/\/api.w.org\/{rel}","templated":true}]}}