{"id":369,"date":"2018-05-23T18:48:15","date_gmt":"2018-05-23T18:48:15","guid":{"rendered":"http:\/\/www.mentodobozforg.hu\/?page_id=369"},"modified":"2022-03-26T21:17:15","modified_gmt":"2022-03-26T21:17:15","slug":"home-featured","status":"publish","type":"page","link":"http:\/\/www.mentodobozforg.hu\/en\/","title":{"rendered":"Home"},"content":{"rendered":"<div id=\"dslc-content\" class=\"dslc-content dslc-clearfix\"><div id=\"dslc-main\">\n\t\t<div  class=\"dslc-modules-section \" style=\"padding-bottom:95px;padding-top:95px;padding-left:9%;padding-right:9%;background-repeat:no-repeat;background-position:center center;border-top-style: hidden; border-right-style: hidden; border-left-style: hidden; \" data-section-id=\"63ae00121a6\">\n\t\t\t\t<div class=\"dslc-bg-video dslc-force-show\"><div class=\"dslc-bg-video-overlay\" style=\"background-color:#5d5361; opacity:0.81; \"><\/div><\/div>\n\t\t\t\t\n\t\t\t\t<div class=\"dslc-modules-section-wrapper dslc-clearfix\"><div class=\"dslc-modules-area dslc-col dslc-9-col dslc-first-col\" data-size=\"9\" data-valign=\"\">\n\t\t<div id=\"dslc-module-20256\" class=\"dslc-module-front dslc-module-DSLC_WooCommerce_Products dslc-in-viewport-check dslc-in-viewport-anim-none  dslc-col dslc-12-col dslc-last-col  dslc-module-handle-like-regular \" data-module-id=\"20256\" data-module=\"DSLC_WooCommerce_Products\" data-dslc-module-size=\"12\" data-dslc-anim=\"none\" data-dslc-anim-delay=\"0\" data-dslc-anim-duration=\"650\"  data-dslc-anim-easing=\"ease\" data-dslc-preset=\"none\" >\n\n\t\t\t\n\t\t\t\n\t\t\t\t<div class=\"dslc-posts dslc-products dslc-clearfix dslc-products-type-grid dslc-posts-orientation-vertical dslc-init-grid \">\n\t\t\t\t\n\t\t\t\t\n\t\t\t<div class=\"dslc-posts-inner\">\n\t<div class=\"dslc-post dslc-product dslc-col dslc-4-col  dslc-first-col\" data-cats=\"termekeink \">\n\n\t\n\t\t\t\t\t\t\t\t\t\n\t\t\t\t\t\t\t\t\t\t<div class=\"dslc-post-thumb dslc-product-thumb dslc-on-hover-anim\">\n\n\t\t\t\t\t\t\t\t\t\t\t\n\n\t\t\t\t\t\t\t\t\t\t\t<div class=\"dslc-product-thumb-inner dslca-post-thumb\">\n\n\t\t\t\t\t\t\t\t\t\t\t\t\t\t\t\t\t\t\t\t\t\t\t\t<a href=\"http:\/\/www.mentodobozforg.hu\/en\/termek\/iii-as-iv-es-tipusu-elsosegely-felszereles\/\"><img src=\"http:\/\/www.mentodobozforg.hu\/wp-content\/uploads\/2018\/06\/3as4es1-250x250.jpg\" alt=\"\" \/><\/a>\n\t\t\t\t\t\t\t\t\t\t\t\t\n\t\t\t\t\t\t\t\t\t\t\t\t\n\t\t\t\t\t\t\t\t\t\t\t<\/div><!-- .dslc-product-thumb-inner -->\n\n\t\t\t\t\t\t\t\t\t\t\t\n\t\t\t\t\t\t\t\t\t\t<\/div><!-- .dslc-product-thumb -->\n\n\t\t\t\t\t\t\t\t\t\n\t\t\t\t\t\t\t\t\n\t\t\t\t\t\t\t\t\n\t\t\t\t\t\t\t\t\t<div class=\"dslc-post-main dslc-product-main\">\n\n\t\t\t\t\t\t\t\t\t\t\n\t\t\t\t\t\t\t\t\t\t\t<div class=\"dslc-product-title dslc-clearfix\">\n\t\t\t\t\t\t\t\t\t\t\t\t\t\t\t\t\t\t\t\t\t\t\t\t\t<span class=\"dslc-product-price-secondary\"><\/span>\n\t\t\t\t\t\t\t\t\t\t\t\t\t\t\t\t\t\t\t\t\t\t\t\t<h2><a href=\"http:\/\/www.mentodobozforg.hu\/en\/termek\/iii-as-iv-es-tipusu-elsosegely-felszereles\/\">III.-as \/ IV.-es t\u00edpus\u00fa els\u0151seg\u00e9ly felszerel\u00e9s<\/a><\/h2>\n\t\t\t\t\t\t\t\t\t\t\t<\/div><!-- .dslc-product-title -->\n\n\t\t\t\t\t\t\t\t\t\t\n\t\t\t\t\t\t\t\t\t\t\n\t\t\t\t\t\t\t\t\t\t\t<span class=\"dslc-product-sep\"><\/span>\n\n\t\t\t\t\t\t\t\t\t\t\n\t\t\t\t\t\t\t\t\t\t\n\t\t\t\t\t\t\t\t\t\t\t<div class=\"dslc-product-excerpt\">\n\t\t\t\t\t\t\t\t\t\t\t\t\t\t\t\t\t\t\t\t\t\t\t\t\tAz IV. ment\u0151l\u00e1da alkalmazhat\u00f3 az al\u00e1bbi \u00fczemekben:&hellip;\t\t\t\t\t\t\t\t\t\t\t\t\t\t\t\t\t\t\t\t\t\t\t<\/div><!-- .dslc-product-excerpt -->\n\n\t\t\t\t\t\t\t\t\t\t\n\t\t\t\t\t\t\t\t\t\t<div class=\"dslc-product-extra dslc-clearfix\">\n\n\t\t\t\t\t\t\t\t\t\t\t\n\t\t\t\t\t\t\t\t\t\t\t\n\t\t\t\t\t\t\t\t\t\t<\/div><!-- .dslc-product-extra -->\n\n\t\t\t\t\t\t\t\t\t<\/div><!-- .dslc-product-main -->\n\n\t\t\t\t\t\t\t\t\n\t\t\t\t\t\t\t<\/div><!-- .dslc-product -->\n\n\t\t\t\t\t\t\t\n\t<div class=\"dslc-post dslc-product dslc-col dslc-4-col \" data-cats=\"termekeink \">\n\n\t\n\t\t\t\t\t\t\t\t\t\n\t\t\t\t\t\t\t\t\t\t<div class=\"dslc-post-thumb dslc-product-thumb dslc-on-hover-anim\">\n\n\t\t\t\t\t\t\t\t\t\t\t\n\n\t\t\t\t\t\t\t\t\t\t\t<div class=\"dslc-product-thumb-inner dslca-post-thumb\">\n\n\t\t\t\t\t\t\t\t\t\t\t\t\t\t\t\t\t\t\t\t\t\t\t\t<a href=\"http:\/\/www.mentodobozforg.hu\/en\/termek\/i-es-ii-es-tipusu-elsosegely-felszereles-dobozos\/\"><img src=\"http:\/\/www.mentodobozforg.hu\/wp-content\/uploads\/2020\/03\/2020-02-07-1-176x250.jpg\" alt=\"\" \/><\/a>\n\t\t\t\t\t\t\t\t\t\t\t\t\n\t\t\t\t\t\t\t\t\t\t\t\t\n\t\t\t\t\t\t\t\t\t\t\t<\/div><!-- .dslc-product-thumb-inner -->\n\n\t\t\t\t\t\t\t\t\t\t\t\n\t\t\t\t\t\t\t\t\t\t<\/div><!-- .dslc-product-thumb -->\n\n\t\t\t\t\t\t\t\t\t\n\t\t\t\t\t\t\t\t\n\t\t\t\t\t\t\t\t\n\t\t\t\t\t\t\t\t\t<div class=\"dslc-post-main dslc-product-main\">\n\n\t\t\t\t\t\t\t\t\t\t\n\t\t\t\t\t\t\t\t\t\t\t<div class=\"dslc-product-title dslc-clearfix\">\n\t\t\t\t\t\t\t\t\t\t\t\t\t\t\t\t\t\t\t\t\t\t\t\t\t<span class=\"dslc-product-price-secondary\"><\/span>\n\t\t\t\t\t\t\t\t\t\t\t\t\t\t\t\t\t\t\t\t\t\t\t\t<h2><a href=\"http:\/\/www.mentodobozforg.hu\/en\/termek\/i-es-ii-es-tipusu-elsosegely-felszereles-dobozos\/\">I.-es \/ II. es tipus\u00fa els\u0151seg\u00e9ly felszerel\u00e9s \/fali(dobozos)<\/a><\/h2>\n\t\t\t\t\t\t\t\t\t\t\t<\/div><!-- .dslc-product-title -->\n\n\t\t\t\t\t\t\t\t\t\t\n\t\t\t\t\t\t\t\t\t\t\n\t\t\t\t\t\t\t\t\t\t\t<span class=\"dslc-product-sep\"><\/span>\n\n\t\t\t\t\t\t\t\t\t\t\n\t\t\t\t\t\t\t\t\t\t\n\t\t\t\t\t\t\t\t\t\t\t<div class=\"dslc-product-excerpt\">\n\t\t\t\t\t\t\t\t\t\t\t\t\t\t\t\t\t\t\t\t\t\t\t\t\tAz II. ment\u0151l\u00e1da alkalmazhat\u00f3 az al\u00e1bbi \u00fczemekben:&hellip;\t\t\t\t\t\t\t\t\t\t\t\t\t\t\t\t\t\t\t\t\t\t\t<\/div><!-- .dslc-product-excerpt -->\n\n\t\t\t\t\t\t\t\t\t\t\n\t\t\t\t\t\t\t\t\t\t<div class=\"dslc-product-extra dslc-clearfix\">\n\n\t\t\t\t\t\t\t\t\t\t\t\n\t\t\t\t\t\t\t\t\t\t\t\n\t\t\t\t\t\t\t\t\t\t<\/div><!-- .dslc-product-extra -->\n\n\t\t\t\t\t\t\t\t\t<\/div><!-- .dslc-product-main -->\n\n\t\t\t\t\t\t\t\t\n\t\t\t\t\t\t\t<\/div><!-- .dslc-product -->\n\n\t\t\t\t\t\t\t\n\t<div class=\"dslc-post dslc-product dslc-col dslc-4-col  dslc-last-col\" data-cats=\"termekeink \">\n\n\t\n\t\t\t\t\t\t\t\t\t\n\t\t\t\t\t\t\t\t\t\t<div class=\"dslc-post-thumb dslc-product-thumb dslc-on-hover-anim\">\n\n\t\t\t\t\t\t\t\t\t\t\t\n\n\t\t\t\t\t\t\t\t\t\t\t<div class=\"dslc-product-thumb-inner dslca-post-thumb\">\n\n\t\t\t\t\t\t\t\t\t\t\t\t\t\t\t\t\t\t\t\t\t\t\t\t<a href=\"http:\/\/www.mentodobozforg.hu\/en\/termek\/iv-es-tipusu-mentodoboz\/\"><img src=\"http:\/\/www.mentodobozforg.hu\/wp-content\/uploads\/2018\/06\/4es1-250x250.jpg\" alt=\"\" \/><\/a>\n\t\t\t\t\t\t\t\t\t\t\t\t\n\t\t\t\t\t\t\t\t\t\t\t\t\n\t\t\t\t\t\t\t\t\t\t\t<\/div><!-- .dslc-product-thumb-inner -->\n\n\t\t\t\t\t\t\t\t\t\t\t\n\t\t\t\t\t\t\t\t\t\t<\/div><!-- .dslc-product-thumb -->\n\n\t\t\t\t\t\t\t\t\t\n\t\t\t\t\t\t\t\t\n\t\t\t\t\t\t\t\t\n\t\t\t\t\t\t\t\t\t<div class=\"dslc-post-main dslc-product-main\">\n\n\t\t\t\t\t\t\t\t\t\t\n\t\t\t\t\t\t\t\t\t\t\t<div class=\"dslc-product-title dslc-clearfix\">\n\t\t\t\t\t\t\t\t\t\t\t\t\t\t\t\t\t\t\t\t\t\t\t\t\t<span class=\"dslc-product-price-secondary\"><\/span>\n\t\t\t\t\t\t\t\t\t\t\t\t\t\t\t\t\t\t\t\t\t\t\t\t<h2><a href=\"http:\/\/www.mentodobozforg.hu\/en\/termek\/iv-es-tipusu-mentodoboz\/\">IV. t\u00edpus\u00fa els\u0151seg\u00e9ly felszerel\u00e9s                     (alu doboz)<\/a><\/h2>\n\t\t\t\t\t\t\t\t\t\t\t<\/div><!-- .dslc-product-title -->\n\n\t\t\t\t\t\t\t\t\t\t\n\t\t\t\t\t\t\t\t\t\t\n\t\t\t\t\t\t\t\t\t\t\t<span class=\"dslc-product-sep\"><\/span>\n\n\t\t\t\t\t\t\t\t\t\t\n\t\t\t\t\t\t\t\t\t\t\n\t\t\t\t\t\t\t\t\t\t\t<div class=\"dslc-product-excerpt\">\n\t\t\t\t\t\t\t\t\t\t\t\t\t\t\t\t\t\t\t\t\t\t\t\t\tAz IV. ment\u0151l\u00e1da alkalmazhat\u00f3 az al\u00e1bbi \u00fczemekben:&hellip;\t\t\t\t\t\t\t\t\t\t\t\t\t\t\t\t\t\t\t\t\t\t\t<\/div><!-- .dslc-product-excerpt -->\n\n\t\t\t\t\t\t\t\t\t\t\n\t\t\t\t\t\t\t\t\t\t<div class=\"dslc-product-extra dslc-clearfix\">\n\n\t\t\t\t\t\t\t\t\t\t\t\n\t\t\t\t\t\t\t\t\t\t\t\n\t\t\t\t\t\t\t\t\t\t<\/div><!-- .dslc-product-extra -->\n\n\t\t\t\t\t\t\t\t\t<\/div><!-- .dslc-product-main -->\n\n\t\t\t\t\t\t\t\t\n\t\t\t\t\t\t\t<\/div><!-- .dslc-product -->\n\n\t\t\t\t\t\t\t<div class=\"dslc-post-separator\"><\/div>\n\t<div class=\"dslc-post dslc-product dslc-col dslc-4-col  dslc-first-col\" data-cats=\"termekeink \">\n\n\t\n\t\t\t\t\t\t\t\t\t\n\t\t\t\t\t\t\t\t\t\t<div class=\"dslc-post-thumb dslc-product-thumb dslc-on-hover-anim\">\n\n\t\t\t\t\t\t\t\t\t\t\t\n\n\t\t\t\t\t\t\t\t\t\t\t<div class=\"dslc-product-thumb-inner dslca-post-thumb\">\n\n\t\t\t\t\t\t\t\t\t\t\t\t\t\t\t\t\t\t\t\t\t\t\t\t<a href=\"http:\/\/www.mentodobozforg.hu\/en\/termek\/iii-es-tipusu-mentodoboz\/\"><img src=\"http:\/\/www.mentodobozforg.hu\/wp-content\/uploads\/2018\/05\/3astipus-2-250x250.jpg\" alt=\"\" \/><\/a>\n\t\t\t\t\t\t\t\t\t\t\t\t\n\t\t\t\t\t\t\t\t\t\t\t\t\n\t\t\t\t\t\t\t\t\t\t\t<\/div><!-- .dslc-product-thumb-inner -->\n\n\t\t\t\t\t\t\t\t\t\t\t\n\t\t\t\t\t\t\t\t\t\t<\/div><!-- .dslc-product-thumb -->\n\n\t\t\t\t\t\t\t\t\t\n\t\t\t\t\t\t\t\t\n\t\t\t\t\t\t\t\t\n\t\t\t\t\t\t\t\t\t<div class=\"dslc-post-main dslc-product-main\">\n\n\t\t\t\t\t\t\t\t\t\t\n\t\t\t\t\t\t\t\t\t\t\t<div class=\"dslc-product-title dslc-clearfix\">\n\t\t\t\t\t\t\t\t\t\t\t\t\t\t\t\t\t\t\t\t\t\t\t\t\t<span class=\"dslc-product-price-secondary\"><\/span>\n\t\t\t\t\t\t\t\t\t\t\t\t\t\t\t\t\t\t\t\t\t\t\t\t<h2><a href=\"http:\/\/www.mentodobozforg.hu\/en\/termek\/iii-es-tipusu-mentodoboz\/\">III. t\u00edpus\u00fa els\u0151seg\u00e9ly felszerel\u00e9s (alu doboz)<\/a><\/h2>\n\t\t\t\t\t\t\t\t\t\t\t<\/div><!-- .dslc-product-title -->\n\n\t\t\t\t\t\t\t\t\t\t\n\t\t\t\t\t\t\t\t\t\t\n\t\t\t\t\t\t\t\t\t\t\t<span class=\"dslc-product-sep\"><\/span>\n\n\t\t\t\t\t\t\t\t\t\t\n\t\t\t\t\t\t\t\t\t\t\n\t\t\t\t\t\t\t\t\t\t\t<div class=\"dslc-product-excerpt\">\n\t\t\t\t\t\t\t\t\t\t\t\t\t\t\t\t\t\t\t\t\t\t\t\t\tAz III. ment\u0151l\u00e1da alkalmazhat\u00f3 az al\u00e1bbi \u00fczemekben:&hellip;\t\t\t\t\t\t\t\t\t\t\t\t\t\t\t\t\t\t\t\t\t\t\t<\/div><!-- .dslc-product-excerpt -->\n\n\t\t\t\t\t\t\t\t\t\t\n\t\t\t\t\t\t\t\t\t\t<div class=\"dslc-product-extra dslc-clearfix\">\n\n\t\t\t\t\t\t\t\t\t\t\t\n\t\t\t\t\t\t\t\t\t\t\t\n\t\t\t\t\t\t\t\t\t\t<\/div><!-- .dslc-product-extra -->\n\n\t\t\t\t\t\t\t\t\t<\/div><!-- .dslc-product-main -->\n\n\t\t\t\t\t\t\t\t\n\t\t\t\t\t\t\t<\/div><!-- .dslc-product -->\n\n\t\t\t\t\t\t\t\n\t<div class=\"dslc-post dslc-product dslc-col dslc-4-col \" data-cats=\"termekeink \">\n\n\t\n\t\t\t\t\t\t\t\t\t\n\t\t\t\t\t\t\t\t\t\t<div class=\"dslc-post-thumb dslc-product-thumb dslc-on-hover-anim\">\n\n\t\t\t\t\t\t\t\t\t\t\t\n\n\t\t\t\t\t\t\t\t\t\t\t<div class=\"dslc-product-thumb-inner dslca-post-thumb\">\n\n\t\t\t\t\t\t\t\t\t\t\t\t\t\t\t\t\t\t\t\t\t\t\t\t<a href=\"http:\/\/www.mentodobozforg.hu\/en\/termek\/ii-es-tipusu-mentodoboz\/\"><img src=\"http:\/\/www.mentodobozforg.hu\/wp-content\/uploads\/2018\/05\/2estipus-2-250x250.jpg\" alt=\"\" \/><\/a>\n\t\t\t\t\t\t\t\t\t\t\t\t\n\t\t\t\t\t\t\t\t\t\t\t\t\n\t\t\t\t\t\t\t\t\t\t\t<\/div><!-- .dslc-product-thumb-inner -->\n\n\t\t\t\t\t\t\t\t\t\t\t\n\t\t\t\t\t\t\t\t\t\t<\/div><!-- .dslc-product-thumb -->\n\n\t\t\t\t\t\t\t\t\t\n\t\t\t\t\t\t\t\t\n\t\t\t\t\t\t\t\t\n\t\t\t\t\t\t\t\t\t<div class=\"dslc-post-main dslc-product-main\">\n\n\t\t\t\t\t\t\t\t\t\t\n\t\t\t\t\t\t\t\t\t\t\t<div class=\"dslc-product-title dslc-clearfix\">\n\t\t\t\t\t\t\t\t\t\t\t\t\t\t\t\t\t\t\t\t\t\t\t\t\t<span class=\"dslc-product-price-secondary\"><\/span>\n\t\t\t\t\t\t\t\t\t\t\t\t\t\t\t\t\t\t\t\t\t\t\t\t<h2><a href=\"http:\/\/www.mentodobozforg.hu\/en\/termek\/ii-es-tipusu-mentodoboz\/\">II. t\u00edpus\u00fa els\u0151seg\u00e9ly felszerel\u00e9s<\/a><\/h2>\n\t\t\t\t\t\t\t\t\t\t\t<\/div><!-- .dslc-product-title -->\n\n\t\t\t\t\t\t\t\t\t\t\n\t\t\t\t\t\t\t\t\t\t\n\t\t\t\t\t\t\t\t\t\t\t<span class=\"dslc-product-sep\"><\/span>\n\n\t\t\t\t\t\t\t\t\t\t\n\t\t\t\t\t\t\t\t\t\t\n\t\t\t\t\t\t\t\t\t\t\t<div class=\"dslc-product-excerpt\">\n\t\t\t\t\t\t\t\t\t\t\t\t\t\t\t\t\t\t\t\t\t\t\t\t\tAz II. ment\u0151l\u00e1da alkalmazhat\u00f3 az al\u00e1bbi \u00fczemekben:&hellip;\t\t\t\t\t\t\t\t\t\t\t\t\t\t\t\t\t\t\t\t\t\t\t<\/div><!-- .dslc-product-excerpt -->\n\n\t\t\t\t\t\t\t\t\t\t\n\t\t\t\t\t\t\t\t\t\t<div class=\"dslc-product-extra dslc-clearfix\">\n\n\t\t\t\t\t\t\t\t\t\t\t\n\t\t\t\t\t\t\t\t\t\t\t\n\t\t\t\t\t\t\t\t\t\t<\/div><!-- .dslc-product-extra -->\n\n\t\t\t\t\t\t\t\t\t<\/div><!-- .dslc-product-main -->\n\n\t\t\t\t\t\t\t\t\n\t\t\t\t\t\t\t<\/div><!-- .dslc-product -->\n\n\t\t\t\t\t\t\t\n\t<div class=\"dslc-post dslc-product dslc-col dslc-4-col  dslc-last-col\" data-cats=\"termekeink \">\n\n\t\n\t\t\t\t\t\t\t\t\t\n\t\t\t\t\t\t\t\t\t\t<div class=\"dslc-post-thumb dslc-product-thumb dslc-on-hover-anim\">\n\n\t\t\t\t\t\t\t\t\t\t\t\n\n\t\t\t\t\t\t\t\t\t\t\t<div class=\"dslc-product-thumb-inner dslca-post-thumb\">\n\n\t\t\t\t\t\t\t\t\t\t\t\t\t\t\t\t\t\t\t\t\t\t\t\t<a href=\"http:\/\/www.mentodobozforg.hu\/en\/termek\/i-es-tipusu-mentodoboz\/\"><img src=\"http:\/\/www.mentodobozforg.hu\/wp-content\/uploads\/2018\/05\/1estipus-4-250x250.jpg\" alt=\"\" \/><\/a>\n\t\t\t\t\t\t\t\t\t\t\t\t\n\t\t\t\t\t\t\t\t\t\t\t\t\n\t\t\t\t\t\t\t\t\t\t\t<\/div><!-- .dslc-product-thumb-inner -->\n\n\t\t\t\t\t\t\t\t\t\t\t\n\t\t\t\t\t\t\t\t\t\t<\/div><!-- .dslc-product-thumb -->\n\n\t\t\t\t\t\t\t\t\t\n\t\t\t\t\t\t\t\t\n\t\t\t\t\t\t\t\t\n\t\t\t\t\t\t\t\t\t<div class=\"dslc-post-main dslc-product-main\">\n\n\t\t\t\t\t\t\t\t\t\t\n\t\t\t\t\t\t\t\t\t\t\t<div class=\"dslc-product-title dslc-clearfix\">\n\t\t\t\t\t\t\t\t\t\t\t\t\t\t\t\t\t\t\t\t\t\t\t\t\t<span class=\"dslc-product-price-secondary\"><\/span>\n\t\t\t\t\t\t\t\t\t\t\t\t\t\t\t\t\t\t\t\t\t\t\t\t<h2><a href=\"http:\/\/www.mentodobozforg.hu\/en\/termek\/i-es-tipusu-mentodoboz\/\">I. t\u00edpus\u00fa els\u0151seg\u00e9ly felszerel\u00e9s<\/a><\/h2>\n\t\t\t\t\t\t\t\t\t\t\t<\/div><!-- .dslc-product-title -->\n\n\t\t\t\t\t\t\t\t\t\t\n\t\t\t\t\t\t\t\t\t\t\n\t\t\t\t\t\t\t\t\t\t\t<span class=\"dslc-product-sep\"><\/span>\n\n\t\t\t\t\t\t\t\t\t\t\n\t\t\t\t\t\t\t\t\t\t\n\t\t\t\t\t\t\t\t\t\t\t<div class=\"dslc-product-excerpt\">\n\t\t\t\t\t\t\t\t\t\t\t\t\t\t\t\t\t\t\t\t\t\t\t\t\tAz I. ment\u0151l\u00e1da alkalmazhat\u00f3 az al\u00e1bbi \u00fczemekben:&hellip;\t\t\t\t\t\t\t\t\t\t\t\t\t\t\t\t\t\t\t\t\t\t\t<\/div><!-- .dslc-product-excerpt -->\n\n\t\t\t\t\t\t\t\t\t\t\n\t\t\t\t\t\t\t\t\t\t<div class=\"dslc-product-extra dslc-clearfix\">\n\n\t\t\t\t\t\t\t\t\t\t\t\n\t\t\t\t\t\t\t\t\t\t\t\n\t\t\t\t\t\t\t\t\t\t<\/div><!-- .dslc-product-extra -->\n\n\t\t\t\t\t\t\t\t\t<\/div><!-- .dslc-product-main -->\n\n\t\t\t\t\t\t\t\t\n\t\t\t\t\t\t\t<\/div><!-- .dslc-product -->\n\n\t\t\t\t\t\t\t<\/div><!-- .dslc-posts-inner -->\n\t\t\t\t\n\t\t\t\t\n\t\t<\/div>\n\t\n\t\t\t\t<\/div><!-- .dslc-module -->\n\t\t<\/div><div class=\"dslc-modules-area dslc-col dslc-3-col dslc-last-col\" data-size=\"3\" data-valign=\"\">\n\t\t<div id=\"dslc-module-20257\" class=\"dslc-module-front dslc-module-DSLC_Widgets dslc-in-viewport-check dslc-in-viewport-anim-none  dslc-col dslc-12-col dslc-last-col  dslc-module-handle-like-regular \" data-module-id=\"20257\" data-module=\"DSLC_Widgets\" data-dslc-module-size=\"12\" data-dslc-anim=\"none\" data-dslc-anim-delay=\"0\" data-dslc-anim-duration=\"650\"  data-dslc-anim-easing=\"ease\" data-dslc-preset=\"none\" >\n\n\t\t\t\n\t\t\t\n\t\t\t\t\t<div class=\"dslc-widgets dslc-clearfix dslc-widgets-12-col\">\n\t\t\t\t<div class=\"dslc-widgets-wrap dslc-clearfix\">\n\t\t\t\t\t\t\t\t\t<\/div>\n\t\t\t<\/div>\n\t\t\n\t\t\t\t<\/div><!-- .dslc-module -->\n\t\t<\/div><\/div><\/div><\/div><\/div>","protected":false},"excerpt":{"rendered":"<p>G\u00e9pkocsi els\u0151seg\u00e9ly felszerel\u00e9sMunkahelyi els\u0151seg\u00e9ly felszerel\u00e9s<\/p>\n","protected":false},"author":1,"featured_media":0,"parent":0,"menu_order":0,"comment_status":"closed","ping_status":"closed","template":"","meta":[],"categories":[],"tags":[],"_links":{"self":[{"href":"http:\/\/www.mentodobozforg.hu\/en\/wp-json\/wp\/v2\/pages\/369"}],"collection":[{"href":"http:\/\/www.mentodobozforg.hu\/en\/wp-json\/wp\/v2\/pages"}],"about":[{"href":"http:\/\/www.mentodobozforg.hu\/en\/wp-json\/wp\/v2\/types\/page"}],"author":[{"embeddable":true,"href":"http:\/\/www.mentodobozforg.hu\/en\/wp-json\/wp\/v2\/users\/1"}],"replies":[{"embeddable":true,"href":"http:\/\/www.mentodobozforg.hu\/en\/wp-json\/wp\/v2\/comments?post=369"}],"version-history":[{"count":59,"href":"http:\/\/www.mentodobozforg.hu\/en\/wp-json\/wp\/v2\/pages\/369\/revisions"}],"predecessor-version":[{"id":858,"href":"http:\/\/www.mentodobozforg.hu\/en\/wp-json\/wp\/v2\/pages\/369\/revisions\/858"}],"wp:attachment":[{"href":"http:\/\/www.mentodobozforg.hu\/en\/wp-json\/wp\/v2\/media?parent=369"}],"wp:term":[{"taxonomy":"category","embeddable":true,"href":"http:\/\/www.mentodobozforg.hu\/en\/wp-json\/wp\/v2\/categories?post=369"},{"taxonomy":"post_tag","embeddable":true,"href":"http:\/\/www.mentodobozforg.hu\/en\/wp-json\/wp\/v2\/tags?post=369"}],"curies":[{"name":"wp","href":"https:\/\/api.w.org\/{rel}","templated":true}]}}